{"id":2757,"date":"2024-07-04T11:47:32","date_gmt":"2024-07-04T09:47:32","guid":{"rendered":"https:\/\/zik-trzcianka.pl\/?page_id=2757"},"modified":"2024-07-16T10:25:11","modified_gmt":"2024-07-16T08:25:11","slug":"regulamin-odplatnego-przejmowania-sieci-wodociagowej-i-kanalizacyjnej","status":"publish","type":"page","link":"https:\/\/zik-trzcianka.pl\/?page_id=2757","title":{"rendered":"regulamin odp\u0142atnego przejmowania sieci wodoci\u0105gowej i kanalizacyjnej"},"content":{"rendered":"\t\t<div data-elementor-type=\"wp-page\" data-elementor-id=\"2757\" class=\"elementor elementor-2757\">\n\t\t\t\t\t\t\t\t\t<section class=\"elementor-section elementor-top-section elementor-element elementor-element-395bed9 elementor-section-boxed elementor-section-height-default elementor-section-height-default\" data-id=\"395bed9\" data-element_type=\"section\">\n\t\t\t\t\t\t<div class=\"elementor-container elementor-column-gap-default\">\n\t\t\t\t\t<div class=\"elementor-column elementor-col-100 elementor-top-column elementor-element elementor-element-6d481cb\" data-id=\"6d481cb\" data-element_type=\"column\">\n\t\t\t<div class=\"elementor-widget-wrap elementor-element-populated\">\n\t\t\t\t\t\t\t\t<div class=\"elementor-element elementor-element-6437361 elementor-widget elementor-widget-spacer\" data-id=\"6437361\" data-element_type=\"widget\" data-widget_type=\"spacer.default\">\n\t\t\t\t<div class=\"elementor-widget-container\">\n\t\t\t<style>\/*! elementor - v3.11.2 - 22-02-2023 *\/\n.elementor-column .elementor-spacer-inner{height:var(--spacer-size)}.e-con{--container-widget-width:100%}.e-con-inner>.elementor-widget-spacer,.e-con>.elementor-widget-spacer{width:var(--container-widget-width,var(--spacer-size));--align-self:var(--container-widget-align-self,initial);--flex-shrink:0}.e-con-inner>.elementor-widget-spacer>.elementor-widget-container,.e-con-inner>.elementor-widget-spacer>.elementor-widget-container>.elementor-spacer,.e-con>.elementor-widget-spacer>.elementor-widget-container,.e-con>.elementor-widget-spacer>.elementor-widget-container>.elementor-spacer{height:100%}.e-con-inner>.elementor-widget-spacer>.elementor-widget-container>.elementor-spacer>.elementor-spacer-inner,.e-con>.elementor-widget-spacer>.elementor-widget-container>.elementor-spacer>.elementor-spacer-inner{height:var(--container-widget-height,var(--spacer-size))}<\/style>\t\t<div class=\"elementor-spacer\">\n\t\t\t<div class=\"elementor-spacer-inner\"><\/div>\n\t\t<\/div>\n\t\t\t\t<\/div>\n\t\t\t\t<\/div>\n\t\t\t\t<div class=\"elementor-element elementor-element-20ac957 elementor-widget elementor-widget-text-editor\" data-id=\"20ac957\" data-element_type=\"widget\" data-widget_type=\"text-editor.default\">\n\t\t\t\t<div class=\"elementor-widget-container\">\n\t\t\t<style>\/*! elementor - v3.11.2 - 22-02-2023 *\/\n.elementor-widget-text-editor.elementor-drop-cap-view-stacked .elementor-drop-cap{background-color:#818a91;color:#fff}.elementor-widget-text-editor.elementor-drop-cap-view-framed .elementor-drop-cap{color:#818a91;border:3px solid;background-color:transparent}.elementor-widget-text-editor:not(.elementor-drop-cap-view-default) .elementor-drop-cap{margin-top:8px}.elementor-widget-text-editor:not(.elementor-drop-cap-view-default) .elementor-drop-cap-letter{width:1em;height:1em}.elementor-widget-text-editor .elementor-drop-cap{float:left;text-align:center;line-height:1;font-size:50px}.elementor-widget-text-editor .elementor-drop-cap-letter{display:inline-block}<\/style>\t\t\t\t<ul><li><strong><a href=\"https:\/\/zik-trzcianka.pl\/wp-content\/uploads\/2024\/07\/Regulamin-odplatnego-przejmowania-sieci-wodociagowej-ilub-kanalizacyjnej.pdf\">Regulamin odp\u0142atnego przejmowania sieci wodoci\u0105gowej i kanalizacyjnej.<\/a><\/strong><\/li><li><strong><a href=\"https:\/\/zik-trzcianka.pl\/wp-content\/uploads\/2024\/07\/zarzadzenie-9-2017.pdf\">Zarz\u0105dzenie nr 9-2017<\/a><\/strong><\/li><li><strong><a href=\"https:\/\/zik-trzcianka.pl\/wp-content\/uploads\/2024\/07\/3.1.-Wniosek-o-odplatne-przejecie-urzadzen-wodociagowych.pdf\">ZA\u0141\u0104CZNIK NR 1 \u2013 WNIOSEK<\/a><\/strong><\/li><li><strong><a href=\"https:\/\/zik-trzcianka.pl\/wp-content\/uploads\/2024\/07\/ZALACZNIK-NR-2-UMOWA.pdf\">ZA\u0141\u0104CZNIK NR 2 \u2013 UMOWA<\/a><\/strong><\/li><li><strong><a href=\"https:\/\/zik-trzcianka.pl\/wp-content\/uploads\/2024\/07\/ZALACZNIK-NR-3-PROTOKOL-Z-NEGOCJACJI.pdf\">ZA\u0141\u0104CZNIK NR 3 \u2013 PROTOK\u00d3\u0141 Z NEGOCJACJI<\/a><\/strong><\/li><li><strong><a href=\"https:\/\/zik-trzcianka.pl\/wp-content\/uploads\/2024\/07\/ZALACZNIK-NR-4-OSWIADCZENIE.pdf\">ZA\u0141\u0104CZNIK NR 4 \u2013 O\u015aWIADCZENIE<\/a><\/strong><\/li><li><strong><a href=\"https:\/\/zik-trzcianka.pl\/wp-content\/uploads\/2024\/07\/ZALACZNIK-NR-5-PROTOKOL-ZDAWCZO-ODBIORCZY.pdf\">ZA\u0141\u0104CZNIK NR 5 \u2013 PROTOK\u00d3\u0141 ZDAWCZO-ODBIORCZY<\/a><\/strong><\/li><\/ul>\t\t\t\t\t\t<\/div>\n\t\t\t\t<\/div>\n\t\t\t\t\t<\/div>\n\t\t<\/div>\n\t\t\t\t\t\t\t<\/div>\n\t\t<\/section>\n\t\t\t\t\t\t\t<\/div>\n\t\t","protected":false},"excerpt":{"rendered":"<p>Regulamin odp\u0142atnego przejmowania sieci wodoci\u0105gowej i kanalizacyjnej. Zarz\u0105dzenie nr 9-2017 ZA\u0141\u0104CZNIK NR 1 \u2013 WNIOSEK ZA\u0141\u0104CZNIK NR 2 \u2013 UMOWA ZA\u0141\u0104CZNIK NR 3 \u2013 PROTOK\u00d3\u0141 Z NEGOCJACJI ZA\u0141\u0104CZNIK NR 4 \u2013 O\u015aWIADCZENIE ZA\u0141\u0104CZNIK NR 5 \u2013 PROTOK\u00d3\u0141 ZDAWCZO-ODBIORCZY<\/p>\n","protected":false},"author":1,"featured_media":0,"parent":0,"menu_order":0,"comment_status":"closed","ping_status":"closed","template":"","meta":{"_eb_attr":"","_joinchat":[],"footnotes":""},"class_list":["post-2757","page","type-page","status-publish","hentry"],"_links":{"self":[{"href":"https:\/\/zik-trzcianka.pl\/index.php?rest_route=\/wp\/v2\/pages\/2757"}],"collection":[{"href":"https:\/\/zik-trzcianka.pl\/index.php?rest_route=\/wp\/v2\/pages"}],"about":[{"href":"https:\/\/zik-trzcianka.pl\/index.php?rest_route=\/wp\/v2\/types\/page"}],"author":[{"embeddable":true,"href":"https:\/\/zik-trzcianka.pl\/index.php?rest_route=\/wp\/v2\/users\/1"}],"replies":[{"embeddable":true,"href":"https:\/\/zik-trzcianka.pl\/index.php?rest_route=%2Fwp%2Fv2%2Fcomments&post=2757"}],"version-history":[{"count":16,"href":"https:\/\/zik-trzcianka.pl\/index.php?rest_route=\/wp\/v2\/pages\/2757\/revisions"}],"predecessor-version":[{"id":2933,"href":"https:\/\/zik-trzcianka.pl\/index.php?rest_route=\/wp\/v2\/pages\/2757\/revisions\/2933"}],"wp:attachment":[{"href":"https:\/\/zik-trzcianka.pl\/index.php?rest_route=%2Fwp%2Fv2%2Fmedia&parent=2757"}],"curies":[{"name":"wp","href":"https:\/\/api.w.org\/{rel}","templated":true}]}}