{"id":2742,"date":"2024-07-01T14:39:06","date_gmt":"2024-07-01T12:39:06","guid":{"rendered":"https:\/\/zik-trzcianka.pl\/?page_id=2742"},"modified":"2025-01-09T13:23:25","modified_gmt":"2025-01-09T12:23:25","slug":"fundusz-ubezpieczen-spolecznych","status":"publish","type":"page","link":"https:\/\/zik-trzcianka.pl\/?page_id=2742","title":{"rendered":"fundusz ubezpieczen spolecznych"},"content":{"rendered":"\t\t<div data-elementor-type=\"wp-page\" data-elementor-id=\"2742\" class=\"elementor elementor-2742\">\n\t\t\t\t\t\t\t\t\t<section class=\"elementor-section elementor-top-section elementor-element elementor-element-e438377 elementor-section-boxed elementor-section-height-default elementor-section-height-default\" data-id=\"e438377\" data-element_type=\"section\">\n\t\t\t\t\t\t<div class=\"elementor-container elementor-column-gap-default\">\n\t\t\t\t\t<div class=\"elementor-column elementor-col-100 elementor-top-column elementor-element elementor-element-01ec43d\" data-id=\"01ec43d\" data-element_type=\"column\">\n\t\t\t<div class=\"elementor-widget-wrap elementor-element-populated\">\n\t\t\t\t\t\t\t\t<div class=\"elementor-element elementor-element-fb07e47 elementor-widget elementor-widget-text-editor\" data-id=\"fb07e47\" data-element_type=\"widget\" data-widget_type=\"text-editor.default\">\n\t\t\t\t<div class=\"elementor-widget-container\">\n\t\t\t<style>\/*! elementor - v3.11.2 - 22-02-2023 *\/\n.elementor-widget-text-editor.elementor-drop-cap-view-stacked .elementor-drop-cap{background-color:#818a91;color:#fff}.elementor-widget-text-editor.elementor-drop-cap-view-framed .elementor-drop-cap{color:#818a91;border:3px solid;background-color:transparent}.elementor-widget-text-editor:not(.elementor-drop-cap-view-default) .elementor-drop-cap{margin-top:8px}.elementor-widget-text-editor:not(.elementor-drop-cap-view-default) .elementor-drop-cap-letter{width:1em;height:1em}.elementor-widget-text-editor .elementor-drop-cap{float:left;text-align:center;line-height:1;font-size:50px}.elementor-widget-text-editor .elementor-drop-cap-letter{display:inline-block}<\/style>\t\t\t\t<CENTER><h3>Dofinansowanie dzia\u0142a\u0144 p\u0142atnika sk\u0142adek na popraw\u0119 bezpiecze\u0144stwa i higieny pracy<\/h3><CENTER>\t\t\t\t\t\t<\/div>\n\t\t\t\t<\/div>\n\t\t\t\t\t<\/div>\n\t\t<\/div>\n\t\t\t\t\t\t\t<\/div>\n\t\t<\/section>\n\t\t\t\t<section class=\"elementor-section elementor-top-section elementor-element elementor-element-1b90ae6 elementor-section-boxed elementor-section-height-default elementor-section-height-default\" data-id=\"1b90ae6\" data-element_type=\"section\">\n\t\t\t\t\t\t<div class=\"elementor-container elementor-column-gap-default\">\n\t\t\t\t\t<div class=\"elementor-column elementor-col-100 elementor-top-column elementor-element elementor-element-b725d4a\" data-id=\"b725d4a\" data-element_type=\"column\">\n\t\t\t<div class=\"elementor-widget-wrap elementor-element-populated\">\n\t\t\t\t\t\t\t\t<div class=\"elementor-element elementor-element-5d7d9ea elementor-widget elementor-widget-image\" data-id=\"5d7d9ea\" data-element_type=\"widget\" data-widget_type=\"image.default\">\n\t\t\t\t<div class=\"elementor-widget-container\">\n\t\t\t<style>\/*! elementor - v3.11.2 - 22-02-2023 *\/\n.elementor-widget-image{text-align:center}.elementor-widget-image a{display:inline-block}.elementor-widget-image a img[src$=\".svg\"]{width:48px}.elementor-widget-image img{vertical-align:middle;display:inline-block}<\/style>\t\t\t\t\t\t\t\t\t\t\t\t<img loading=\"lazy\" decoding=\"async\" width=\"640\" height=\"213\" src=\"https:\/\/zik-trzcianka.pl\/wp-content\/uploads\/2024\/07\/flag_godlo-1024x341.jpg\" class=\"attachment-large size-large wp-image-2984\" alt=\"\" srcset=\"https:\/\/zik-trzcianka.pl\/wp-content\/uploads\/2024\/07\/flag_godlo-1024x341.jpg 1024w, https:\/\/zik-trzcianka.pl\/wp-content\/uploads\/2024\/07\/flag_godlo-300x100.jpg 300w, https:\/\/zik-trzcianka.pl\/wp-content\/uploads\/2024\/07\/flag_godlo-768x256.jpg 768w, https:\/\/zik-trzcianka.pl\/wp-content\/uploads\/2024\/07\/flag_godlo-1536x512.jpg 1536w, https:\/\/zik-trzcianka.pl\/wp-content\/uploads\/2024\/07\/flag_godlo.jpg 2048w\" sizes=\"(max-width: 640px) 100vw, 640px\" \/>\t\t\t\t\t\t\t\t\t\t\t\t\t\t\t<\/div>\n\t\t\t\t<\/div>\n\t\t\t\t\t<\/div>\n\t\t<\/div>\n\t\t\t\t\t\t\t<\/div>\n\t\t<\/section>\n\t\t\t\t<section class=\"elementor-section elementor-top-section elementor-element elementor-element-42da648 elementor-section-boxed elementor-section-height-default elementor-section-height-default\" data-id=\"42da648\" data-element_type=\"section\">\n\t\t\t\t\t\t<div class=\"elementor-container elementor-column-gap-default\">\n\t\t\t\t\t<div class=\"elementor-column elementor-col-100 elementor-top-column elementor-element elementor-element-1d82360\" data-id=\"1d82360\" data-element_type=\"column\">\n\t\t\t<div class=\"elementor-widget-wrap elementor-element-populated\">\n\t\t\t\t\t\t\t\t<div class=\"elementor-element elementor-element-90cdf4c elementor-widget elementor-widget-text-editor\" data-id=\"90cdf4c\" data-element_type=\"widget\" data-widget_type=\"text-editor.default\">\n\t\t\t\t<div class=\"elementor-widget-container\">\n\t\t\t\t\t\t\t<p><strong>Nazwa funduszu:<\/strong>\u00a0Fundusz Ubezpiecze\u0144 Spo\u0142ecznych\u00a0<\/p><p><strong>Rodzaj programu:<\/strong> Program dofinansowania p\u0142atnik\u00f3w sk\u0142adek w ramach prewencji wypadkowej.<\/p><p><strong>Og\u00f3lna nazwa projektu:<\/strong> Projekt dotycz\u0105cy utrzymania zdolno\u015bci do pracy przez ca\u0142y okres aktywno\u015bci zawodowej.<\/p><p><strong>Dofinansowanie: 60 000,00 z\u0142<\/strong><\/p><p><strong>Ca\u0142kowita warto\u015b\u0107 projektu: 75 536,30 z\u0142<\/strong><\/p><p><strong>Tytu\u0142 projektu:<\/strong> \u201ePOPRAWA BEZPIECZE\u0143STWA I HIGIENY PRACY W WYKOPACH \u2013 ZAKUP SZALUNK\u00d3W\u201d.<\/p><p><strong>Opis projektu:<\/strong><\/p><p>Prace ziemne wi\u0105\u017c\u0105 si\u0119 z okre\u015blonym stopniem zabezpieczenia pracownik\u00f3w podczas wykonywania zada\u0144 im powierzonych. Je\u017celi wykonuj\u0105 oni wykopy <br \/>w niestabilnym gruncie, powinni oni mie\u0107 mo\u017cliwo\u015b\u0107 zabezpieczenia \u015bcian przed osuwaniem si\u0119. Do takich zada\u0144 przeznaczone s\u0105 szalunki do wykop\u00f3w. Pozwalaj\u0105 one za uzyskanie wystarczaj\u0105cego pola pracy, aby wykonywa\u0107 wiele czynno\u015bci zwi\u0105zanych z konserwacj\u0105 i naprawami infrastruktury podziemnej.<\/p><p>Celem g\u0142\u00f3wnym projektu jest poprawa warunk\u00f3w bezpiecze\u0144stwa pracy oraz wyeliminowanie zagro\u017ce\u0144 wobec pracownik\u00f3w w przypadku wyst\u0105pienia niekorzystnych sytuacji w miejscu pracy w trakcie wykonywania zada\u0144 planowych oraz usuwania awarii, na instalacjach zamontowanych w wykopach poni\u017cej poziomu gruntu i zagro\u017conych nag\u0142ym osuwaniem si\u0119 ziemi.<br \/>Wyposa\u017cenie stanowisk pracy w szalunki ma r\u00f3wnie\u017c wp\u0142yn\u0105\u0107 na wzrost \u015bwiadomo\u015bci pracownik\u00f3w oraz ukszta\u0142towania nawyku w\u0142a\u015bciwych zachowa\u0144 <br \/>w przypadku wyst\u0105pienia zagro\u017ce\u0144, a przede wszystkim ich przeciwdzia\u0142aniu. Stanowi\u0107 b\u0119dzie r\u00f3wnie\u017c element wy\u017cszej kultury pracy oraz podwy\u017cszenia standard\u00f3w bezpiecze\u0144stwa w miejscu pracy.<\/p><p>Realizacja projektu ma przyczyni\u0107 si\u0119 do utrzymania zdolno\u015bci do pracy przez ca\u0142y okres aktywno\u015bci zawodowej.<\/p><p><strong>Data podpisania umowy:<\/strong> 15 kwietnia 2024 r.<\/p><p><strong>Data zako\u0144czenia realizacji projektu:<\/strong> 07 pa\u017adziernika 2024 r..<\/p>\t\t\t\t\t\t<\/div>\n\t\t\t\t<\/div>\n\t\t\t\t\t<\/div>\n\t\t<\/div>\n\t\t\t\t\t\t\t<\/div>\n\t\t<\/section>\n\t\t\t\t<section class=\"elementor-section elementor-top-section elementor-element elementor-element-c2ebd7a elementor-section-boxed elementor-section-height-default elementor-section-height-default\" data-id=\"c2ebd7a\" data-element_type=\"section\">\n\t\t\t\t\t\t<div class=\"elementor-container elementor-column-gap-default\">\n\t\t\t\t\t<div class=\"elementor-column elementor-col-25 elementor-top-column elementor-element elementor-element-c3aa8aa\" data-id=\"c3aa8aa\" data-element_type=\"column\">\n\t\t\t<div class=\"elementor-widget-wrap elementor-element-populated\">\n\t\t\t\t\t\t\t\t<div class=\"elementor-element elementor-element-b63bae2 elementor-widget elementor-widget-image\" data-id=\"b63bae2\" data-element_type=\"widget\" data-widget_type=\"image.default\">\n\t\t\t\t<div class=\"elementor-widget-container\">\n\t\t\t\t\t\t\t\t\t\t\t\t\t\t\t<img loading=\"lazy\" decoding=\"async\" width=\"472\" height=\"1024\" src=\"https:\/\/zik-trzcianka.pl\/wp-content\/uploads\/2025\/01\/IMG-20240904-WA000752-472x1024.jpg\" class=\"attachment-large size-large wp-image-3628\" alt=\"\" srcset=\"https:\/\/zik-trzcianka.pl\/wp-content\/uploads\/2025\/01\/IMG-20240904-WA000752-472x1024.jpg 472w, https:\/\/zik-trzcianka.pl\/wp-content\/uploads\/2025\/01\/IMG-20240904-WA000752-138x300.jpg 138w, https:\/\/zik-trzcianka.pl\/wp-content\/uploads\/2025\/01\/IMG-20240904-WA000752-708x1536.jpg 708w, https:\/\/zik-trzcianka.pl\/wp-content\/uploads\/2025\/01\/IMG-20240904-WA000752.jpg 738w\" sizes=\"(max-width: 472px) 100vw, 472px\" \/>\t\t\t\t\t\t\t\t\t\t\t\t\t\t\t<\/div>\n\t\t\t\t<\/div>\n\t\t\t\t\t<\/div>\n\t\t<\/div>\n\t\t\t\t<div class=\"elementor-column elementor-col-25 elementor-top-column elementor-element elementor-element-397e9d4\" data-id=\"397e9d4\" data-element_type=\"column\">\n\t\t\t<div class=\"elementor-widget-wrap elementor-element-populated\">\n\t\t\t\t\t\t\t\t<div class=\"elementor-element elementor-element-d7a2903 elementor-widget elementor-widget-image\" data-id=\"d7a2903\" data-element_type=\"widget\" data-widget_type=\"image.default\">\n\t\t\t\t<div class=\"elementor-widget-container\">\n\t\t\t\t\t\t\t\t\t\t\t\t\t\t\t<img loading=\"lazy\" decoding=\"async\" width=\"472\" height=\"1024\" src=\"https:\/\/zik-trzcianka.pl\/wp-content\/uploads\/2025\/01\/IMG-20240904-WA0009oko-472x1024.jpg\" class=\"attachment-large size-large wp-image-3627\" alt=\"\" srcset=\"https:\/\/zik-trzcianka.pl\/wp-content\/uploads\/2025\/01\/IMG-20240904-WA0009oko-472x1024.jpg 472w, https:\/\/zik-trzcianka.pl\/wp-content\/uploads\/2025\/01\/IMG-20240904-WA0009oko-138x300.jpg 138w, https:\/\/zik-trzcianka.pl\/wp-content\/uploads\/2025\/01\/IMG-20240904-WA0009oko-708x1536.jpg 708w, https:\/\/zik-trzcianka.pl\/wp-content\/uploads\/2025\/01\/IMG-20240904-WA0009oko.jpg 738w\" sizes=\"(max-width: 472px) 100vw, 472px\" \/>\t\t\t\t\t\t\t\t\t\t\t\t\t\t\t<\/div>\n\t\t\t\t<\/div>\n\t\t\t\t\t<\/div>\n\t\t<\/div>\n\t\t\t\t<div class=\"elementor-column elementor-col-25 elementor-top-column elementor-element elementor-element-55aa3d7\" data-id=\"55aa3d7\" data-element_type=\"column\">\n\t\t\t<div class=\"elementor-widget-wrap elementor-element-populated\">\n\t\t\t\t\t\t\t\t<div class=\"elementor-element elementor-element-8028925 elementor-widget elementor-widget-image\" data-id=\"8028925\" data-element_type=\"widget\" data-widget_type=\"image.default\">\n\t\t\t\t<div class=\"elementor-widget-container\">\n\t\t\t\t\t\t\t\t\t\t\t\t\t\t\t<img loading=\"lazy\" decoding=\"async\" width=\"472\" height=\"1024\" src=\"https:\/\/zik-trzcianka.pl\/wp-content\/uploads\/2025\/01\/IMG-20240904-WA0007-472x1024.jpg\" class=\"attachment-large size-large wp-image-3626\" alt=\"\" srcset=\"https:\/\/zik-trzcianka.pl\/wp-content\/uploads\/2025\/01\/IMG-20240904-WA0007-472x1024.jpg 472w, https:\/\/zik-trzcianka.pl\/wp-content\/uploads\/2025\/01\/IMG-20240904-WA0007-138x300.jpg 138w, https:\/\/zik-trzcianka.pl\/wp-content\/uploads\/2025\/01\/IMG-20240904-WA0007-708x1536.jpg 708w, https:\/\/zik-trzcianka.pl\/wp-content\/uploads\/2025\/01\/IMG-20240904-WA0007.jpg 738w\" sizes=\"(max-width: 472px) 100vw, 472px\" \/>\t\t\t\t\t\t\t\t\t\t\t\t\t\t\t<\/div>\n\t\t\t\t<\/div>\n\t\t\t\t\t<\/div>\n\t\t<\/div>\n\t\t\t\t<div class=\"elementor-column elementor-col-25 elementor-top-column elementor-element elementor-element-6e7b0d6\" data-id=\"6e7b0d6\" data-element_type=\"column\">\n\t\t\t<div class=\"elementor-widget-wrap elementor-element-populated\">\n\t\t\t\t\t\t\t\t<div class=\"elementor-element elementor-element-71a8c5a elementor-widget elementor-widget-image\" data-id=\"71a8c5a\" data-element_type=\"widget\" data-widget_type=\"image.default\">\n\t\t\t\t<div class=\"elementor-widget-container\">\n\t\t\t\t\t\t\t\t\t\t\t\t\t\t\t<img loading=\"lazy\" decoding=\"async\" width=\"472\" height=\"1024\" src=\"https:\/\/zik-trzcianka.pl\/wp-content\/uploads\/2025\/01\/IMG-20240904-WA0003-472x1024.jpg\" class=\"attachment-large size-large wp-image-3625\" alt=\"\" srcset=\"https:\/\/zik-trzcianka.pl\/wp-content\/uploads\/2025\/01\/IMG-20240904-WA0003-472x1024.jpg 472w, https:\/\/zik-trzcianka.pl\/wp-content\/uploads\/2025\/01\/IMG-20240904-WA0003-138x300.jpg 138w, https:\/\/zik-trzcianka.pl\/wp-content\/uploads\/2025\/01\/IMG-20240904-WA0003-708x1536.jpg 708w, https:\/\/zik-trzcianka.pl\/wp-content\/uploads\/2025\/01\/IMG-20240904-WA0003.jpg 738w\" sizes=\"(max-width: 472px) 100vw, 472px\" \/>\t\t\t\t\t\t\t\t\t\t\t\t\t\t\t<\/div>\n\t\t\t\t<\/div>\n\t\t\t\t\t<\/div>\n\t\t<\/div>\n\t\t\t\t\t\t\t<\/div>\n\t\t<\/section>\n\t\t\t\t\t\t\t<\/div>\n\t\t","protected":false},"excerpt":{"rendered":"<p>Dofinansowanie dzia\u0142a\u0144 p\u0142atnika sk\u0142adek na popraw\u0119 bezpiecze\u0144stwa i higieny pracy Nazwa funduszu:\u00a0Fundusz Ubezpiecze\u0144 Spo\u0142ecznych\u00a0 Rodzaj programu: Program dofinansowania p\u0142atnik\u00f3w sk\u0142adek w ramach prewencji wypadkowej. Og\u00f3lna nazwa projektu: Projekt dotycz\u0105cy utrzymania zdolno\u015bci do pracy przez ca\u0142y okres aktywno\u015bci zawodowej. Dofinansowanie: 60 000,00 z\u0142 Ca\u0142kowita warto\u015b\u0107 projektu: 75 536,30 z\u0142 Tytu\u0142 projektu: \u201ePOPRAWA BEZPIECZE\u0143STWA I HIGIENY PRACY [&hellip;]<\/p>\n","protected":false},"author":1,"featured_media":0,"parent":0,"menu_order":0,"comment_status":"closed","ping_status":"closed","template":"","meta":{"_eb_attr":"","_joinchat":[],"footnotes":""},"class_list":["post-2742","page","type-page","status-publish","hentry"],"_links":{"self":[{"href":"https:\/\/zik-trzcianka.pl\/index.php?rest_route=\/wp\/v2\/pages\/2742"}],"collection":[{"href":"https:\/\/zik-trzcianka.pl\/index.php?rest_route=\/wp\/v2\/pages"}],"about":[{"href":"https:\/\/zik-trzcianka.pl\/index.php?rest_route=\/wp\/v2\/types\/page"}],"author":[{"embeddable":true,"href":"https:\/\/zik-trzcianka.pl\/index.php?rest_route=\/wp\/v2\/users\/1"}],"replies":[{"embeddable":true,"href":"https:\/\/zik-trzcianka.pl\/index.php?rest_route=%2Fwp%2Fv2%2Fcomments&post=2742"}],"version-history":[{"count":19,"href":"https:\/\/zik-trzcianka.pl\/index.php?rest_route=\/wp\/v2\/pages\/2742\/revisions"}],"predecessor-version":[{"id":3631,"href":"https:\/\/zik-trzcianka.pl\/index.php?rest_route=\/wp\/v2\/pages\/2742\/revisions\/3631"}],"wp:attachment":[{"href":"https:\/\/zik-trzcianka.pl\/index.php?rest_route=%2Fwp%2Fv2%2Fmedia&parent=2742"}],"curies":[{"name":"wp","href":"https:\/\/api.w.org\/{rel}","templated":true}]}}