{"id":2324,"date":"2023-03-13T10:53:50","date_gmt":"2023-03-13T09:53:50","guid":{"rendered":"https:\/\/zik-trzcianka.pl\/?page_id=2324"},"modified":"2024-07-09T09:15:12","modified_gmt":"2024-07-09T07:15:12","slug":"deklaracja-dostepnosci","status":"publish","type":"page","link":"https:\/\/zik-trzcianka.pl\/?page_id=2324","title":{"rendered":"Deklaracja Dost\u0119pno\u015bci"},"content":{"rendered":"\t\t<div data-elementor-type=\"wp-page\" data-elementor-id=\"2324\" class=\"elementor elementor-2324\">\n\t\t\t\t\t\t\t\t\t<section class=\"elementor-section elementor-top-section elementor-element elementor-element-52fd0bb elementor-section-boxed elementor-section-height-default elementor-section-height-default\" data-id=\"52fd0bb\" data-element_type=\"section\">\n\t\t\t\t\t\t<div class=\"elementor-container elementor-column-gap-default\">\n\t\t\t\t\t<div class=\"elementor-column elementor-col-100 elementor-top-column elementor-element elementor-element-3919e26\" data-id=\"3919e26\" data-element_type=\"column\">\n\t\t\t<div class=\"elementor-widget-wrap elementor-element-populated\">\n\t\t\t\t\t\t\t\t<div class=\"elementor-element elementor-element-49b881f elementor-widget elementor-widget-text-editor\" data-id=\"49b881f\" data-element_type=\"widget\" data-widget_type=\"text-editor.default\">\n\t\t\t\t<div class=\"elementor-widget-container\">\n\t\t\t<style>\/*! elementor - v3.11.2 - 22-02-2023 *\/\n.elementor-widget-text-editor.elementor-drop-cap-view-stacked .elementor-drop-cap{background-color:#818a91;color:#fff}.elementor-widget-text-editor.elementor-drop-cap-view-framed .elementor-drop-cap{color:#818a91;border:3px solid;background-color:transparent}.elementor-widget-text-editor:not(.elementor-drop-cap-view-default) .elementor-drop-cap{margin-top:8px}.elementor-widget-text-editor:not(.elementor-drop-cap-view-default) .elementor-drop-cap-letter{width:1em;height:1em}.elementor-widget-text-editor .elementor-drop-cap{float:left;text-align:center;line-height:1;font-size:50px}.elementor-widget-text-editor .elementor-drop-cap-letter{display:inline-block}<\/style>\t\t\t\t<h2 class=\"western\">Wst\u0119p<\/h2>\n<p>Zak\u0142ad In\u017cynierii Komunalnej Sp z o.o. zobowi\u0105zuje si\u0119 zapewni\u0107 dost\u0119pno\u015b\u0107 swojej strony internetowej zgodnie z przepisami ustawy z dnia 4 kwietnia 2019 r. o dost\u0119pno\u015bci cyfrowej stron internetowych i aplikacji mobilnych podmiot\u00f3w publicznych. O\u015bwiadczenie w sprawie dost\u0119pno\u015bci ma zastosowanie do strony internetowej&nbsp;www.zik-trzcianka.pl.<\/p>\n<p>Data publikacji strony internetowej: 2023-03-13.<\/p>\n<p>Data ostatniej istotnej aktualizacji: 2023-07-09.<\/p>\n<h2 class=\"western\">Status pod wzgl\u0119dem zgodno\u015bci z ustaw\u0105<\/h2>\n<p>Strona internetowa jest zgodna z ustaw\u0105 z dnia 4 kwietnia 2019 r. o dost\u0119pno\u015bci cyfrowej stron internetowych i aplikacji mobilnych podmiot\u00f3w publicznych.<\/p>\n<h2 class=\"western\">Data sporz\u0105dzenia Deklaracji i metoda oceny dost\u0119pno\u015bci cyfrowej<\/h2>\n<p>O\u015bwiadczenie sporz\u0105dzono dnia: 2023-03-13<\/p>\n<p>Deklaracj\u0119 sporz\u0105dzono na podstawie samooceny przeprowadzonej przez podmiot publiczny.<\/p>\n<h2 class=\"western\">Tre\u015bci niedost\u0119pne<\/h2>\n<p>Stosownie do art. 3 ustawy o dost\u0119pno\u015bci cyfrowej stron internetowych i aplikacji mobilnych podmiot\u00f3w publicznych , niedost\u0119pne s\u0105 pliki:<\/p>\n<ol>\n<li>Multimedi\u00f3w nadawanych na \u017cywo;<\/li>\n<li>Multimedi\u00f3w opublikowanych przed dniem 13 marca 2023 r.;<\/li>\n<li>Dokument\u00f3w tekstowych i tekstowo-graficznych, dokument\u00f3w utworzonych w programach przeznaczonych do tworzenia prezentacji lub arkuszy kalkulacyjnych, opublikowanych przed dniem 13 marca 2023 r., chyba \u017ce ich zawarto\u015b\u0107 jest niezb\u0119dna do realizacji bie\u017c\u0105cych zada\u0144 podmiotu publicznego;<\/li>\n<li>Tre\u015bci b\u0119d\u0105cych w posiadaniu podmiotu publicznego:\n<ol>\n<li>kt\u00f3re nie zosta\u0142y przez niego lub na jego rzecz wytworzone albo przez niego nabyte, albo<\/li>\n<li>kt\u00f3rych dostosowanie do wymaga\u0144 dost\u0119pno\u015bci cyfrowej wymaga modyfikacji, do kt\u00f3rej ten podmiot publiczny nie jest uprawniony;<\/li>\n<\/ol>\n<\/li>\n<li>Tre\u015bci prezentowanych w intranecie lub ekstranecie, opublikowanych przed dniem 13 marca 2023 r. i niepoddawanych od tego czasu przebudowom i zmianom polegaj\u0105cym w szczeg\u00f3lno\u015bci na zmianie wygl\u0105du lub struktury prezentowanych informacji albo zmianie sposobu publikowania informacji;<\/li>\n<li>Tre\u015bci niewykorzystywanych do realizacji bie\u017c\u0105cych zada\u0144 podmiotu publicznego oraz nieuaktualnianych lub niepoddawanych po dniu 13 marca 2023 r. przebudowom i zmianom polegaj\u0105cym w szczeg\u00f3lno\u015bci na zmianie wygl\u0105du lub struktury prezentowanych informacji albo na zmianie sposobu publikowania informacji.<\/li>\n<\/ol>\n<h2 class=\"western\">Przygotowanie o\u015bwiadczenia w sprawie dost\u0119pno\u015bci<\/h2>\n<p>O\u015bwiadczenie sporz\u0105dzono dnia 13.03.2023r. Deklaracj\u0119 sporz\u0105dzono na podstawie samooceny przeprowadzonej przez podmiot publiczny.<\/p>\n<p>Na stronie Zak\u0142adu In\u017cynierii Komunalnej mo\u017cna korzysta\u0107 ze standardowych skr\u00f3t\u00f3w klawiaturowych.<\/p>\n<h2 class=\"western\">Informacje zwrotne i dane kontaktowe<\/h2>\n<p>W przypadku problem\u00f3w z dost\u0119pno\u015bci\u0105 strony internetowej prosimy o kontakt. Zg\u0142oszenia mo\u017cna kierowa\u0107 na adres poczty elektronicznej dok@zik.stronazen.pl lub dzwoni\u0105c na numer telefonu +48 67 216 83 08 wew.104<\/p>\n<p>Ka\u017cdy ma prawo do wyst\u0105pienia z \u017c\u0105daniem zapewnienia dost\u0119pno\u015bci cyfrowej strony internetowej, aplikacji mobilnej lub jakiego\u015b ich elementu. Mo\u017cna tak\u017ce za\u017c\u0105da\u0107 udost\u0119pnienia informacji w formach alternatywnych, na przyk\u0142ad odczytanie niedost\u0119pnego cyfrowo dokumentu, opisania zawarto\u015bci filmu bez audiodeskrypcji itp. \u017b\u0105danie powinno zawiera\u0107 dane osoby zg\u0142aszaj\u0105cej \u017c\u0105danie, wskazanie, o kt\u00f3r\u0105 stron\u0119 internetow\u0105 lub aplikacj\u0119 mobiln\u0105 chodzi oraz spos\u00f3b kontaktu. Je\u017celi osoba \u017c\u0105daj\u0105ca zg\u0142asza potrzeb\u0119 otrzymania informacji w formie alternatywnej, powinna tak\u017ce okre\u015bli\u0107 form\u0119 tej informacji.<\/p>\n<p>Podmiot publiczny powinien zrealizowa\u0107 \u017c\u0105danie niezw\u0142ocznie i nie p\u00f3\u017aniej, ni\u017c w ci\u0105gu 7 dni. Je\u017celi dotrzymanie tego terminu nie jest mo\u017cliwe, podmiot publiczny niezw\u0142ocznie informuje o tym, kiedy realizacja \u017c\u0105dania b\u0119dzie mo\u017cliwa, przy czym termin ten nie mo\u017ce by\u0107 d\u0142u\u017cszy ni\u017c 2 miesi\u0105ce. Je\u017celi zapewnienie dost\u0119pno\u015bci nie jest mo\u017cliwe, podmiot publiczny mo\u017ce zaproponowa\u0107 alternatywny spos\u00f3b dost\u0119pu do informacji.<\/p>\n<p>W przypadku, gdy podmiot odm\u00f3wi realizacji \u017c\u0105dania zapewnienia dost\u0119pno\u015bci lub alternatywnego dost\u0119pu do informacji, mo\u017cna z\u0142o\u017cy\u0107 skarg\u0119 na takie dzia\u0142anie do&nbsp; Rzecznika Praw Obywatelskich:&nbsp;<a href=\"https:\/\/www.rpo.gov.pl\/\" target=\"_blank\" rel=\"noopener\">https:\/\/www.rpo.gov.pl\/<\/a><\/p>\n<h2 class=\"western\">Informacje zwrotne i dane kontaktowe<\/h2>\n<p>W przypadku problem\u00f3w z dost\u0119pno\u015bci\u0105 strony internetowej prosimy o kontakt. Osob\u0105 kontaktow\u0105 jest, dok@zik.stronazen.pl. Kontaktowa\u0107 mo\u017cna si\u0119 tak\u017ce dzwoni\u0105c na numer telefonu +48 67 216 83 08 wew.104. T\u0105 sam\u0105 drog\u0105 mo\u017cna sk\u0142ada\u0107 wnioski o udost\u0119pnienie informacji niedost\u0119pnej oraz sk\u0142ada\u0107 skargi na brak zapewnienia dost\u0119pno\u015bci.<\/p>\n<h2 class=\"western\">Informacje na temat procedury<\/h2>\n<p>Ka\u017cdy ma prawo do wyst\u0105pienia z \u017c\u0105daniem zapewnienia dost\u0119pno\u015bci cyfrowej strony internetowej, aplikacji mobilnej lub jakiego\u015b ich elementu. Mo\u017cna tak\u017ce za\u017c\u0105da\u0107 udost\u0119pnienia informacji za pomoc\u0105 alternatywnego sposobu dost\u0119pu, na przyk\u0142ad przez odczytanie niedost\u0119pnego cyfrowo dokumentu, opisanie zawarto\u015bci filmu bez audiodeskrypcji itp. \u017b\u0105danie powinno zawiera\u0107 dane osoby zg\u0142aszaj\u0105cej \u017c\u0105danie, wskazanie, o kt\u00f3r\u0105 stron\u0119 internetow\u0105 lub aplikacj\u0119 mobiln\u0105 chodzi oraz spos\u00f3b kontaktu. Je\u017celi osoba \u017c\u0105daj\u0105ca zg\u0142asza potrzeb\u0119 otrzymania informacji za pomoc\u0105 alternatywnego sposobu dost\u0119pu, powinna tak\u017ce okre\u015bli\u0107 dogodny dla niej spos\u00f3b przedstawienia tej informacji. Podmiot publiczny powinien zrealizowa\u0107 \u017c\u0105danie niezw\u0142ocznie, nie p\u00f3\u017aniej ni\u017c w ci\u0105gu 7 dni od dnia wyst\u0105pienia z \u017c\u0105daniem. Je\u017celi dotrzymanie tego terminu nie jest mo\u017cliwe, podmiot publiczny niezw\u0142ocznie informuje o tym wnosz\u0105cego \u017c\u0105danie, kiedy realizacja \u017c\u0105dania b\u0119dzie mo\u017cliwa, przy czym termin ten nie mo\u017ce by\u0107 d\u0142u\u017cszy ni\u017c 2 miesi\u0105ce od dnia wyst\u0105pienia z \u017c\u0105daniem. Je\u017celi zapewnienie dost\u0119pno\u015bci cyfrowej nie jest mo\u017cliwe, podmiot publiczny mo\u017ce zaproponowa\u0107 alternatywny spos\u00f3b dost\u0119pu do informacji. W przypadku, gdy podmiot publiczny odm\u00f3wi realizacji \u017c\u0105dania zapewnienia dost\u0119pno\u015bci lub alternatywnego sposobu dost\u0119pu do informacji, wnosz\u0105cy \u017c\u0105danie mo\u017cne z\u0142o\u017cy\u0107 skarg\u0119 w sprawie zapewniana dost\u0119pno\u015bci cyfrowej strony internetowej, aplikacji mobilnej lub elementu strony internetowej, lub aplikacji mobilnej.<\/p>\n<p>Po wyczerpaniu wskazanej wy\u017cej procedury mo\u017cna tak\u017ce z\u0142o\u017cy\u0107 wniosek do Rzecznika Praw Obywatelskich.<\/p>\n<h2 class=\"western\">Dost\u0119pno\u015b\u0107 architektoniczna<\/h2>\n<p>Biuro Zak\u0142adu In\u017cynierii Komunalnej Sp. z o.o. znajduje si\u0119 w Trzciance przy<br>ul. Stefana \u017beromskiego 15, na II pi\u0119trze.<br>Do budynku prowadz\u0105 dwa wej\u015bcia. G\u0142\u00f3wne wej\u015bcie do budynku jest og\u00f3lnodost\u0119pne w godzinach pracy Zik Sp. z o.o. tj. od poniedzia\u0142ku do pi\u0105tku w godzinach od 07.00 do 15.00 natomiast drugie wej\u015bcie otwarte ca\u0142\u0105 dob\u0119.<\/p>\n<p><strong>Dost\u0119pno\u015b\u0107 wej\u015bcia:<\/strong><\/p>\n<p>Nad wej\u015bciem do budynku brak g\u0142o\u015bnik\u00f3w, brak systemu naprowadzaj\u0105cego d\u017awi\u0119kowo osoby niewidome i s\u0142abowidz\u0105ce, wej\u015bcie nie jest zabezpieczone bramkami, oraz brak dzwonka przywo\u0142uj\u0105cego pracownika. Wewn\u0105trz budynku do pomieszcze\u0144 ZIK Sp. z o.o., prowadz\u0105 schody uniemo\u017cliwiaj\u0105ce dostanie si\u0119 do budynku osobom ze szczeg\u00f3lnymi potrzebami, w budynku brak windy. Do budynku i wszystkich jego pomieszcze\u0144 mo\u017cna wej\u015b\u0107 z psem asystuj\u0105cym i psem przewodnikiem, w budynku brak p\u0119tli indukcyjnych, brak oznacze\u0144 w alfabecie Braille\u2019a, brak oznacze\u0144 kontrastowych lub w druku powi\u0119kszonym dla os\u00f3b niewidomych i s\u0142abowidz\u0105cych.<\/p>\n<p><strong>Dost\u0119pno\u015b\u0107 parkingowa:<\/strong><\/p>\n<p>Przed budynkiem, od frontu wej\u015bcia bocznego, znajduje si\u0119 og\u00f3lnodost\u0119pne miejsce parkingowe dla os\u00f3b ze szczeg\u00f3lnymi potrzebami. Teren wok\u00f3\u0142 budynku jest wy\u0142o\u017cony kostk\u0105 brukow\u0105.<\/p>\n<h2 class=\"western\">Aplikacje mobilne<\/h2>\n<p>Brak aplikacji mobilnej<\/p>\n<h2 class=\"western\">Podstawa prawna<\/h2>\n<p>Rozporz\u0105dzenie Rady Ministr\u00f3w z 12 kwietnia 2012 r. w sprawie Krajowych Ram Interoperacyjno\u015bci, minimalnych wymaga\u0144 dla rejestr\u00f3w publicznych i wymiany informacji w postaci elektronicznej oraz minimalnych wymaga\u0144 dla system\u00f3w teleinformatycznych Dz.U. z 2012 r. nr 0, poz. 526<\/p>\n<p>Ustawa z 4 kwietnia 2019 r. o dost\u0119pno\u015bci cyfrowej stron internetowych i aplikacji mobilnych podmiot\u00f3w publicznych Dz.U. z 2019 r. poz. 848<\/p>\t\t\t\t\t\t<\/div>\n\t\t\t\t<\/div>\n\t\t\t\t\t<\/div>\n\t\t<\/div>\n\t\t\t\t\t\t\t<\/div>\n\t\t<\/section>\n\t\t\t\t\t\t\t<\/div>\n\t\t","protected":false},"excerpt":{"rendered":"<p>Wst\u0119p Zak\u0142ad In\u017cynierii Komunalnej Sp z o.o. zobowi\u0105zuje si\u0119 zapewni\u0107 dost\u0119pno\u015b\u0107 swojej strony internetowej zgodnie z przepisami ustawy z dnia 4 kwietnia 2019 r. o dost\u0119pno\u015bci cyfrowej stron internetowych i aplikacji mobilnych podmiot\u00f3w publicznych. O\u015bwiadczenie w sprawie dost\u0119pno\u015bci ma zastosowanie do strony internetowej&nbsp;www.zik-trzcianka.pl. Data publikacji strony internetowej: 2023-03-13. Data ostatniej istotnej aktualizacji: 2023-07-09. Status pod [&hellip;]<\/p>\n","protected":false},"author":1,"featured_media":0,"parent":0,"menu_order":0,"comment_status":"closed","ping_status":"closed","template":"","meta":{"_eb_attr":"","_joinchat":[],"footnotes":""},"class_list":["post-2324","page","type-page","status-publish","hentry"],"_links":{"self":[{"href":"https:\/\/zik-trzcianka.pl\/index.php?rest_route=\/wp\/v2\/pages\/2324"}],"collection":[{"href":"https:\/\/zik-trzcianka.pl\/index.php?rest_route=\/wp\/v2\/pages"}],"about":[{"href":"https:\/\/zik-trzcianka.pl\/index.php?rest_route=\/wp\/v2\/types\/page"}],"author":[{"embeddable":true,"href":"https:\/\/zik-trzcianka.pl\/index.php?rest_route=\/wp\/v2\/users\/1"}],"replies":[{"embeddable":true,"href":"https:\/\/zik-trzcianka.pl\/index.php?rest_route=%2Fwp%2Fv2%2Fcomments&post=2324"}],"version-history":[{"count":13,"href":"https:\/\/zik-trzcianka.pl\/index.php?rest_route=\/wp\/v2\/pages\/2324\/revisions"}],"predecessor-version":[{"id":2848,"href":"https:\/\/zik-trzcianka.pl\/index.php?rest_route=\/wp\/v2\/pages\/2324\/revisions\/2848"}],"wp:attachment":[{"href":"https:\/\/zik-trzcianka.pl\/index.php?rest_route=%2Fwp%2Fv2%2Fmedia&parent=2324"}],"curies":[{"name":"wp","href":"https:\/\/api.w.org\/{rel}","templated":true}]}}