{"id":212,"date":"2022-01-10T12:32:16","date_gmt":"2022-01-10T11:32:16","guid":{"rendered":"https:\/\/medilar.atakansaracoglu.com\/?page_id=212"},"modified":"2023-03-30T10:45:58","modified_gmt":"2023-03-30T08:45:58","slug":"ochrona-srodowiska","status":"publish","type":"page","link":"https:\/\/zik-trzcianka.pl\/?page_id=212","title":{"rendered":"Ochrona \u015brodowiska"},"content":{"rendered":"\t\t<div data-elementor-type=\"wp-page\" data-elementor-id=\"212\" class=\"elementor elementor-212\">\n\t\t\t\t\t\t\t\t\t<section class=\"elementor-section elementor-top-section elementor-element elementor-element-33d9e7e elementor-section-height-min-height elementor-section-boxed elementor-section-height-default elementor-section-items-middle\" data-id=\"33d9e7e\" data-element_type=\"section\" data-settings=\"{&quot;background_background&quot;:&quot;classic&quot;}\">\n\t\t\t\t\t\t\t<div class=\"elementor-background-overlay\"><\/div>\n\t\t\t\t\t\t\t<div class=\"elementor-container elementor-column-gap-no\">\n\t\t\t\t\t<div class=\"elementor-column elementor-col-100 elementor-top-column elementor-element elementor-element-8fb990d\" data-id=\"8fb990d\" data-element_type=\"column\">\n\t\t\t<div class=\"elementor-widget-wrap elementor-element-populated\">\n\t\t\t\t\t\t\t\t<div class=\"elementor-element elementor-element-230485e elementor-widget elementor-widget-heading\" data-id=\"230485e\" data-element_type=\"widget\" data-widget_type=\"heading.default\">\n\t\t\t\t<div class=\"elementor-widget-container\">\n\t\t\t<style>\/*! elementor - v3.11.2 - 22-02-2023 *\/\n.elementor-heading-title{padding:0;margin:0;line-height:1}.elementor-widget-heading .elementor-heading-title[class*=elementor-size-]>a{color:inherit;font-size:inherit;line-height:inherit}.elementor-widget-heading .elementor-heading-title.elementor-size-small{font-size:15px}.elementor-widget-heading .elementor-heading-title.elementor-size-medium{font-size:19px}.elementor-widget-heading .elementor-heading-title.elementor-size-large{font-size:29px}.elementor-widget-heading .elementor-heading-title.elementor-size-xl{font-size:39px}.elementor-widget-heading .elementor-heading-title.elementor-size-xxl{font-size:59px}<\/style><h4 class=\"elementor-heading-title elementor-size-default\">OCHRONA \u015aRODOWISKA<\/h4>\t\t<\/div>\n\t\t\t\t<\/div>\n\t\t\t\t<div class=\"elementor-element elementor-element-2974f85 animated-fast elementor-invisible elementor-widget elementor-widget-image\" data-id=\"2974f85\" data-element_type=\"widget\" data-settings=\"{&quot;_animation&quot;:&quot;fadeInRight&quot;}\" data-widget_type=\"image.default\">\n\t\t\t\t<div class=\"elementor-widget-container\">\n\t\t\t<style>\/*! elementor - v3.11.2 - 22-02-2023 *\/\n.elementor-widget-image{text-align:center}.elementor-widget-image a{display:inline-block}.elementor-widget-image a img[src$=\".svg\"]{width:48px}.elementor-widget-image img{vertical-align:middle;display:inline-block}<\/style>\t\t\t\t\t\t\t\t\t\t\t\t<img loading=\"lazy\" decoding=\"async\" width=\"300\" height=\"128\" src=\"https:\/\/zik-trzcianka.pl\/wp-content\/uploads\/2022\/01\/logo_white_bez_tla.png\" class=\"attachment-large size-large wp-image-1263\" alt=\"\" \/>\t\t\t\t\t\t\t\t\t\t\t\t\t\t\t<\/div>\n\t\t\t\t<\/div>\n\t\t\t\t\t<\/div>\n\t\t<\/div>\n\t\t\t\t\t\t\t<\/div>\n\t\t<\/section>\n\t\t\t\t<section class=\"elementor-section elementor-top-section elementor-element elementor-element-5abae4db elementor-section-content-middle elementor-section-boxed elementor-section-height-default elementor-section-height-default\" data-id=\"5abae4db\" data-element_type=\"section\">\n\t\t\t\t\t\t<div class=\"elementor-container elementor-column-gap-no\">\n\t\t\t\t\t<div class=\"elementor-column elementor-col-100 elementor-top-column elementor-element elementor-element-5b673e8d elementor-invisible\" data-id=\"5b673e8d\" data-element_type=\"column\" data-settings=\"{&quot;animation&quot;:&quot;fadeInRight&quot;,&quot;background_background&quot;:&quot;classic&quot;}\">\n\t\t\t<div class=\"elementor-widget-wrap elementor-element-populated\">\n\t\t\t\t\t\t\t\t<div class=\"elementor-element elementor-element-1c784bf2 elementor-widget elementor-widget-heading\" data-id=\"1c784bf2\" data-element_type=\"widget\" data-widget_type=\"heading.default\">\n\t\t\t\t<div class=\"elementor-widget-container\">\n\t\t\t<h4 class=\"elementor-heading-title elementor-size-default\">EDUKACJA<\/h4>\t\t<\/div>\n\t\t\t\t<\/div>\n\t\t\t\t<div class=\"elementor-element elementor-element-262c2e73 elementor-widget elementor-widget-text-editor\" data-id=\"262c2e73\" data-element_type=\"widget\" data-widget_type=\"text-editor.default\">\n\t\t\t\t<div class=\"elementor-widget-container\">\n\t\t\t<style>\/*! elementor - v3.11.2 - 22-02-2023 *\/\n.elementor-widget-text-editor.elementor-drop-cap-view-stacked .elementor-drop-cap{background-color:#818a91;color:#fff}.elementor-widget-text-editor.elementor-drop-cap-view-framed .elementor-drop-cap{color:#818a91;border:3px solid;background-color:transparent}.elementor-widget-text-editor:not(.elementor-drop-cap-view-default) .elementor-drop-cap{margin-top:8px}.elementor-widget-text-editor:not(.elementor-drop-cap-view-default) .elementor-drop-cap-letter{width:1em;height:1em}.elementor-widget-text-editor .elementor-drop-cap{float:left;text-align:center;line-height:1;font-size:50px}.elementor-widget-text-editor .elementor-drop-cap-letter{display:inline-block}<\/style>\t\t\t\t<p>Wiedz\u0105c jak wa\u017cna\u00a0jest edukacja w zakresie klimatu, pragniemy wdro\u017cy\u0107 dla Pa\u0144stwa dzia\u0142ania, kt\u00f3rych celem\u00a0jest\u00a0ochrona\u00a0\u015brodowiska naturalnego.\u00a0Edukacj\u0119 ekologiczn\u0105, kt\u00f3ra popularyzuje prawid\u0142owe postawy ekologiczne uwa\u017camy za niezwykle wa\u017cn\u0105 w procesie u\u015bwiadomienia potrzeby i konieczno\u015bci ochrony \u015brodowiska.<\/p><p>Nasza kampania <strong><em>nie \u015bmie\u0107 w sieci<\/em><\/strong>, ma na celu zwr\u00f3cenie uwagi mieszka\u0144com Trzcianki na problematyk\u0119 zwi\u0105zan\u0105 z u\u017cytkowaniem miejskiej sieci kanalizacyjnej i oczyszczaniem \u015bciek\u00f3w.<\/p><p>Dowiedz si\u0119 wi\u0119cej\u00a0o naszych kampaniach.<\/p>\t\t\t\t\t\t<\/div>\n\t\t\t\t<\/div>\n\t\t\t\t\t<\/div>\n\t\t<\/div>\n\t\t\t\t\t\t\t<\/div>\n\t\t<\/section>\n\t\t\t\t<section class=\"elementor-section elementor-top-section elementor-element elementor-element-23c0974 elementor-section-boxed elementor-section-height-default elementor-section-height-default\" data-id=\"23c0974\" data-element_type=\"section\">\n\t\t\t\t\t\t<div class=\"elementor-container elementor-column-gap-default\">\n\t\t\t\t\t<div class=\"elementor-column elementor-col-50 elementor-top-column elementor-element elementor-element-6a80cec\" data-id=\"6a80cec\" data-element_type=\"column\">\n\t\t\t<div class=\"elementor-widget-wrap elementor-element-populated\">\n\t\t\t\t\t\t\t\t<div class=\"elementor-element elementor-element-d085f3c animated-fast elementor-invisible elementor-widget elementor-widget-image\" data-id=\"d085f3c\" data-element_type=\"widget\" data-settings=\"{&quot;_animation&quot;:&quot;fadeInRight&quot;}\" data-widget_type=\"image.default\">\n\t\t\t\t<div class=\"elementor-widget-container\">\n\t\t\t\t\t\t\t\t\t\t\t\t\t\t\t<img loading=\"lazy\" decoding=\"async\" width=\"450\" height=\"450\" src=\"https:\/\/zik-trzcianka.pl\/wp-content\/uploads\/2023\/02\/zik_logo_skr.png\" class=\"attachment-large size-large wp-image-1419\" alt=\"\" srcset=\"https:\/\/zik-trzcianka.pl\/wp-content\/uploads\/2023\/02\/zik_logo_skr.png 450w, https:\/\/zik-trzcianka.pl\/wp-content\/uploads\/2023\/02\/zik_logo_skr-300x300.png 300w, https:\/\/zik-trzcianka.pl\/wp-content\/uploads\/2023\/02\/zik_logo_skr-150x150.png 150w\" sizes=\"(max-width: 450px) 100vw, 450px\" \/>\t\t\t\t\t\t\t\t\t\t\t\t\t\t\t<\/div>\n\t\t\t\t<\/div>\n\t\t\t\t\t<\/div>\n\t\t<\/div>\n\t\t\t\t<div class=\"elementor-column elementor-col-50 elementor-top-column elementor-element elementor-element-9255e0e\" data-id=\"9255e0e\" data-element_type=\"column\">\n\t\t\t<div class=\"elementor-widget-wrap elementor-element-populated\">\n\t\t\t\t\t\t\t\t<div class=\"elementor-element elementor-element-3ad32dd elementor-widget elementor-widget-heading\" data-id=\"3ad32dd\" data-element_type=\"widget\" data-widget_type=\"heading.default\">\n\t\t\t\t<div class=\"elementor-widget-container\">\n\t\t\t<h4 class=\"elementor-heading-title elementor-size-default\">Zak\u0142ad In\u017cynierii Komunalnej sp. z o.o. apeluje:\n<\/h4>\t\t<\/div>\n\t\t\t\t<\/div>\n\t\t\t\t<div class=\"elementor-element elementor-element-d8f4ad7 elementor-widget elementor-widget-heading\" data-id=\"d8f4ad7\" data-element_type=\"widget\" data-widget_type=\"heading.default\">\n\t\t\t\t<div class=\"elementor-widget-container\">\n\t\t\t<h4 class=\"elementor-heading-title elementor-size-default\">Nie \u015bmie\u0107 w sieci!!! <\/h4>\t\t<\/div>\n\t\t\t\t<\/div>\n\t\t\t\t<div class=\"elementor-element elementor-element-445e3da elementor-widget elementor-widget-text-editor\" data-id=\"445e3da\" data-element_type=\"widget\" data-widget_type=\"text-editor.default\">\n\t\t\t\t<div class=\"elementor-widget-container\">\n\t\t\t\t\t\t\t<p><b>Toaleta to nie \u015bmietnik \u2013<\/b> w\u0142a\u015bnie tak powinna brzmie\u0107 jedna z najwa\u017cniejszych zasad u\u017cytkownik\u00f3w urz\u0105dze\u0144 sanitarnych. Umywalka, muszla klozetowa, czy studzienka kanalizacyjna, powinny s\u0142u\u017cy\u0107 wy\u0142\u0105cznie do cel\u00f3w do jakich zosta\u0142y zamontowane.<\/p>\n<p><b>Patyczki do uszu, nawil\u017cane chusteczki higieniczne, podpaski, szmaty, resztki jedzenia, farba do malowania pomieszcze\u0144, w\u0142osy, pampersy, opakowania po kostkach do WC, itp.<\/b><strong> <\/strong>\u2013 to tylko niekt\u00f3re z zakazanych rzeczy, kt\u00f3re regularnie l\u0105duj\u0105 w domowych toaletach, a nast\u0119pnie do sieci i na oczyszczalni\u0119. Przedmioty te mog\u0105 sta\u0107 si\u0119 przyczyn\u0105 powa\u017cnych awarii urz\u0105dze\u0144 mechanicznych, a ich naprawa wi\u0105\u017ce si\u0119 z wysokimi kosztami, kt\u00f3re pr\u0119dzej czy p\u00f3\u017aniej odczujemy w naszych kieszeniach.<\/p>\n<p><strong>J<\/strong><b>este\u015bcie w szoku? &#8211; my r\u00f3wnie\u017c!<\/b><\/p>\n<p>Niestety wiele os\u00f3b traktuje toalet\u0119 jak dodatkowy kosz na \u015bmieci. Przecie\u017c wystarczy poci\u0105gn\u0105\u0107 za sp\u0142uczk\u0119 i problem znika &#8211; <strong>czy aby na pewno?<\/strong><\/p>\n<p>Niestety, problem dopiero si\u0119 zaczyna. Ka\u017cdego roku pracownicy Zak\u0142adu In\u017cynierii Komunalnej sp. z o. o. usuwaj\u0105 z miejskiej kanalizacji setki zator\u00f3w, powstaj\u0105cych wskutek wyrzucania do niej przedmiot\u00f3w, kt\u00f3re nigdy &nbsp;nie powinny tam trafi\u0107.<\/p>\n<p><b>Dlaczego nie nale\u017cy spuszcza\u0107 wspomnianych odpad\u00f3w do kanalizacji?<\/b><\/p>\n<p>Odpowied\u017a jest banalnie prosta. Przy\u0142\u0105cze kanalizacyjne ma \u015brednic\u0119 15-20 cm, dlatego ka\u017cdy wi\u0119kszy przedmiot mo\u017ce zahaczy\u0107 si\u0119 o co\u015b w rurze i zablokowa\u0107 przep\u0142yw.<\/p>\n<p><strong>Ka\u017cdy z nas posiada w domu cho\u0107 jeden kosz na \u015bmieci. Wystarczy go u\u017cy\u0107 &#8211; toaleta nim nie jest!!! <\/strong><\/p>\n<p><b>Zak\u0142ad In\u017cynierii Komunalnej sp. z o. o. apeluje \u2013 pomy\u015bl, zanim wrzucisz co\u015b do ubikacji. Poci\u0105gni\u0119cie za sp\u0142uczk\u0119 nie powoduje pozbycia si\u0119 problemu \u2013 jest dopiero jego pocz\u0105tkiem\u2026 .<\/b><\/p>\t\t\t\t\t\t<\/div>\n\t\t\t\t<\/div>\n\t\t\t\t\t<\/div>\n\t\t<\/div>\n\t\t\t\t\t\t\t<\/div>\n\t\t<\/section>\n\t\t\t\t<section class=\"elementor-section elementor-top-section elementor-element elementor-element-1f12a9d elementor-section-boxed elementor-section-height-default elementor-section-height-default\" data-id=\"1f12a9d\" data-element_type=\"section\">\n\t\t\t\t\t\t<div class=\"elementor-container elementor-column-gap-default\">\n\t\t\t\t\t<div class=\"elementor-column elementor-col-100 elementor-top-column elementor-element elementor-element-e0d33ed\" data-id=\"e0d33ed\" data-element_type=\"column\">\n\t\t\t<div class=\"elementor-widget-wrap elementor-element-populated\">\n\t\t\t\t\t\t\t\t<div class=\"elementor-element elementor-element-1d9349d elementor-widget elementor-widget-heading\" data-id=\"1d9349d\" data-element_type=\"widget\" data-widget_type=\"heading.default\">\n\t\t\t\t<div class=\"elementor-widget-container\">\n\t\t\t<h4 class=\"elementor-heading-title elementor-size-default\">NIE WYRZUCAJ DO TOALETY :<\/h4>\t\t<\/div>\n\t\t\t\t<\/div>\n\t\t\t\t<div class=\"elementor-element elementor-element-cc70a43 animated-slow elementor-invisible elementor-widget elementor-widget-image\" data-id=\"cc70a43\" data-element_type=\"widget\" data-settings=\"{&quot;_animation&quot;:&quot;fadeIn&quot;}\" data-widget_type=\"image.default\">\n\t\t\t\t<div class=\"elementor-widget-container\">\n\t\t\t\t\t\t\t\t\t\t\t\t\t\t\t<img loading=\"lazy\" decoding=\"async\" width=\"999\" height=\"620\" src=\"https:\/\/zik-trzcianka.pl\/wp-content\/uploads\/2023\/03\/nie_do_toalety_zik.png\" class=\"attachment-full size-full wp-image-2481\" alt=\"\" srcset=\"https:\/\/zik-trzcianka.pl\/wp-content\/uploads\/2023\/03\/nie_do_toalety_zik.png 999w, https:\/\/zik-trzcianka.pl\/wp-content\/uploads\/2023\/03\/nie_do_toalety_zik-300x186.png 300w, https:\/\/zik-trzcianka.pl\/wp-content\/uploads\/2023\/03\/nie_do_toalety_zik-768x477.png 768w\" sizes=\"(max-width: 999px) 100vw, 999px\" \/>\t\t\t\t\t\t\t\t\t\t\t\t\t\t\t<\/div>\n\t\t\t\t<\/div>\n\t\t\t\t\t<\/div>\n\t\t<\/div>\n\t\t\t\t\t\t\t<\/div>\n\t\t<\/section>\n\t\t\t\t\t\t\t<\/div>\n\t\t","protected":false},"excerpt":{"rendered":"<p>OCHRONA \u015aRODOWISKA EDUKACJA Wiedz\u0105c jak wa\u017cna\u00a0jest edukacja w zakresie klimatu, pragniemy wdro\u017cy\u0107 dla Pa\u0144stwa dzia\u0142ania, kt\u00f3rych celem\u00a0jest\u00a0ochrona\u00a0\u015brodowiska naturalnego.\u00a0Edukacj\u0119 ekologiczn\u0105, kt\u00f3ra popularyzuje prawid\u0142owe postawy ekologiczne uwa\u017camy za niezwykle wa\u017cn\u0105 w procesie u\u015bwiadomienia potrzeby i konieczno\u015bci ochrony \u015brodowiska. Nasza kampania nie \u015bmie\u0107 w sieci, ma na celu zwr\u00f3cenie uwagi mieszka\u0144com Trzcianki na problematyk\u0119 zwi\u0105zan\u0105 z u\u017cytkowaniem miejskiej [&hellip;]<\/p>\n","protected":false},"author":1,"featured_media":0,"parent":0,"menu_order":0,"comment_status":"closed","ping_status":"closed","template":"","meta":{"_eb_attr":"","_joinchat":[],"footnotes":""},"class_list":["post-212","page","type-page","status-publish","hentry"],"_links":{"self":[{"href":"https:\/\/zik-trzcianka.pl\/index.php?rest_route=\/wp\/v2\/pages\/212"}],"collection":[{"href":"https:\/\/zik-trzcianka.pl\/index.php?rest_route=\/wp\/v2\/pages"}],"about":[{"href":"https:\/\/zik-trzcianka.pl\/index.php?rest_route=\/wp\/v2\/types\/page"}],"author":[{"embeddable":true,"href":"https:\/\/zik-trzcianka.pl\/index.php?rest_route=\/wp\/v2\/users\/1"}],"replies":[{"embeddable":true,"href":"https:\/\/zik-trzcianka.pl\/index.php?rest_route=%2Fwp%2Fv2%2Fcomments&post=212"}],"version-history":[{"count":65,"href":"https:\/\/zik-trzcianka.pl\/index.php?rest_route=\/wp\/v2\/pages\/212\/revisions"}],"predecessor-version":[{"id":2543,"href":"https:\/\/zik-trzcianka.pl\/index.php?rest_route=\/wp\/v2\/pages\/212\/revisions\/2543"}],"wp:attachment":[{"href":"https:\/\/zik-trzcianka.pl\/index.php?rest_route=%2Fwp%2Fv2%2Fmedia&parent=212"}],"curies":[{"name":"wp","href":"https:\/\/api.w.org\/{rel}","templated":true}]}}